{"id":7308,"date":"2022-01-21T00:13:08","date_gmt":"2022-01-20T21:13:08","guid":{"rendered":"https:\/\/www.drcemkinay.com\/dijital-deneyimler\/"},"modified":"2025-08-30T16:17:58","modified_gmt":"2025-08-30T13:17:58","slug":"dijital-deneyimler","status":"publish","type":"page","link":"https:\/\/www.drcemkinay.com\/en\/dijital-deneyimler\/","title":{"rendered":"Dijital Deneyimler"},"content":{"rendered":"<div id=\"cs-content\" class=\"cs-content\"><\/div>\n","protected":false},"excerpt":{"rendered":"<p>D\u0130J\u0130TAL DENEY\u0130MLERDijital d\u00f6n\u00fc\u015f\u00fcm g\u00fcn\u00fcm\u00fcz\u00fcn ve gelecek tasar\u0131m\u0131n\u0131n en \u00f6nemli hamlesi. Biz de bir \u00e7\u00f6z\u00fcm sa\u011flay\u0131c\u0131 olarak \u00e7\u00f6z\u00fcm ortaklar\u0131m\u0131zla bu gelece\u011fi tasarl\u0131yoruz. \u00a0Platformlar, aplikasyon ve Metaverse d\u00fcnyas\u0131n\u0131 tasarl\u0131yoruz. 1 Destinasyon Pazarlama Platformu \u00c7\u00f6z\u00fcm orta\u011f\u0131m\u0131z BUKAFA2 Misafir Deneyim Platformu3 Metaverse \u00c7\u00f6z\u00fcm orta\u011f\u0131m\u0131z Cerebrum Technologies<\/p>\n","protected":false},"author":1,"featured_media":0,"parent":0,"menu_order":0,"comment_status":"closed","ping_status":"closed","template":"template-blank-4.php","meta":{"rs_blank_template":"","rs_page_bg_color":"","slide_template_v7":"","footnotes":""},"class_list":["post-7308","page","type-page","status-publish","hentry","no-post-thumbnail"],"_links":{"self":[{"href":"https:\/\/www.drcemkinay.com\/en\/wp-json\/wp\/v2\/pages\/7308","targetHints":{"allow":["GET"]}}],"collection":[{"href":"https:\/\/www.drcemkinay.com\/en\/wp-json\/wp\/v2\/pages"}],"about":[{"href":"https:\/\/www.drcemkinay.com\/en\/wp-json\/wp\/v2\/types\/page"}],"author":[{"embeddable":true,"href":"https:\/\/www.drcemkinay.com\/en\/wp-json\/wp\/v2\/users\/1"}],"replies":[{"embeddable":true,"href":"https:\/\/www.drcemkinay.com\/en\/wp-json\/wp\/v2\/comments?post=7308"}],"version-history":[{"count":0,"href":"https:\/\/www.drcemkinay.com\/en\/wp-json\/wp\/v2\/pages\/7308\/revisions"}],"wp:attachment":[{"href":"https:\/\/www.drcemkinay.com\/en\/wp-json\/wp\/v2\/media?parent=7308"}],"curies":[{"name":"wp","href":"https:\/\/api.w.org\/{rel}","templated":true}]}}