{"id":7306,"date":"2022-01-21T01:22:20","date_gmt":"2022-01-20T22:22:20","guid":{"rendered":"https:\/\/www.drcemkinay.com\/anatolity-collection\/"},"modified":"2022-01-27T10:39:40","modified_gmt":"2022-01-27T07:39:40","slug":"anatolity-collection","status":"publish","type":"page","link":"https:\/\/www.drcemkinay.com\/en\/anatolity-collection\/","title":{"rendered":"Anatolity Collection"},"content":{"rendered":"<div id=\"cs-content\" class=\"cs-content\"><\/div>\n","protected":false},"excerpt":{"rendered":"<p>ANATOLITY COLLECTIONANATOLITY COLLECTION Slow and Deep For Soul Ruhun \u0130\u00e7in Yava\u015f ve Derinden YA\u015eAM SANATI OTELLER\u0130 T\u00dcRK\u0130YE\u2019N\u0130N \u0130LK SOSYAL SORUMLULUK OTEL KOLEKS\u0130YONU Anatolity.com \u00a0 Deneyimler \u00dczerine Kurulu\u2026 K\u0131rsal Ya\u015famla \u0130\u00e7i\u00e7e\u2026 \u015eehri Bamba\u015fka Kucaklayan\u2026 \u00c7evreye, \u0130nsana, Hayvana, Do\u011faya Duyarl\u0131\u2026 E\u011fitime, Geli\u015fime, Korumaya Destek\u2026 Yerele Sayg\u0131l\u0131\u2026 Bir Konaklamadan Beklenen T\u00fcm Konforu Sunan\u2026 B\u00fcy\u00fcl\u00fc Bir Konaklama Tasar\u0131m\u0131! \u00a0 \u00a0 \u00a0 MERHABA, HO\u015eGELD\u0130N\u0130Z\u2026 S\u0130ZE&hellip;<\/p>\n","protected":false},"author":1,"featured_media":0,"parent":0,"menu_order":0,"comment_status":"closed","ping_status":"closed","template":"template-blank-4.php","meta":{"rs_blank_template":"","rs_page_bg_color":"","slide_template_v7":"","footnotes":""},"class_list":["post-7306","page","type-page","status-publish","hentry","no-post-thumbnail"],"_links":{"self":[{"href":"https:\/\/www.drcemkinay.com\/en\/wp-json\/wp\/v2\/pages\/7306","targetHints":{"allow":["GET"]}}],"collection":[{"href":"https:\/\/www.drcemkinay.com\/en\/wp-json\/wp\/v2\/pages"}],"about":[{"href":"https:\/\/www.drcemkinay.com\/en\/wp-json\/wp\/v2\/types\/page"}],"author":[{"embeddable":true,"href":"https:\/\/www.drcemkinay.com\/en\/wp-json\/wp\/v2\/users\/1"}],"replies":[{"embeddable":true,"href":"https:\/\/www.drcemkinay.com\/en\/wp-json\/wp\/v2\/comments?post=7306"}],"version-history":[{"count":0,"href":"https:\/\/www.drcemkinay.com\/en\/wp-json\/wp\/v2\/pages\/7306\/revisions"}],"wp:attachment":[{"href":"https:\/\/www.drcemkinay.com\/en\/wp-json\/wp\/v2\/media?parent=7306"}],"curies":[{"name":"wp","href":"https:\/\/api.w.org\/{rel}","templated":true}]}}