{"id":13557,"date":"2020-03-09T09:28:16","date_gmt":"2020-03-09T06:28:16","guid":{"rendered":"https:\/\/www.drcemkinay.com\/instatalkslive-2\/"},"modified":"2020-03-09T09:28:16","modified_gmt":"2020-03-09T06:28:16","slug":"instatalkslive-2","status":"publish","type":"page","link":"https:\/\/www.drcemkinay.com\/de\/instatalkslive-2\/","title":{"rendered":"Instatalks Live"},"content":{"rendered":"<div id=\"cs-content\" class=\"cs-content\"><\/div>\n","protected":false},"excerpt":{"rendered":"<p>CEM KINAY INSTA TALKS LIVE Dr. Cem K\u0131nay Insta Talks Live. Youtube kanal\u0131ndan t\u00fcm ar\u015fiv videolar\u0131 izleyebilirsiniz. TIKLA OKU TIKLA SEYRET-1 \/ TIKLA SEYRET-2 TIKLA SEYRET TIKLA SEYRET TIKLA SEYRET TIKLA SEYRET TIKLA SEYRET TIKLA SEYRET TIKLA SEYRET TIKLA SEYRET TIKLA SEYRET TIKLA SEYRET TIKLA SEYRETERTELEND\u0130 TIKLA SEYRET TIKLA SEYRET TIKLA SEYRET TIKLA SEYRET TIKLA SEYRET TIKLA SEYRET TIKLA SEYRET&hellip;<\/p>\n","protected":false},"author":1,"featured_media":0,"parent":0,"menu_order":0,"comment_status":"closed","ping_status":"closed","template":"template-blank-4.php","meta":{"rs_blank_template":"","rs_page_bg_color":"","slide_template_v7":"","footnotes":""},"class_list":["post-13557","page","type-page","status-publish","hentry","no-post-thumbnail"],"_links":{"self":[{"href":"https:\/\/www.drcemkinay.com\/de\/wp-json\/wp\/v2\/pages\/13557","targetHints":{"allow":["GET"]}}],"collection":[{"href":"https:\/\/www.drcemkinay.com\/de\/wp-json\/wp\/v2\/pages"}],"about":[{"href":"https:\/\/www.drcemkinay.com\/de\/wp-json\/wp\/v2\/types\/page"}],"author":[{"embeddable":true,"href":"https:\/\/www.drcemkinay.com\/de\/wp-json\/wp\/v2\/users\/1"}],"replies":[{"embeddable":true,"href":"https:\/\/www.drcemkinay.com\/de\/wp-json\/wp\/v2\/comments?post=13557"}],"version-history":[{"count":0,"href":"https:\/\/www.drcemkinay.com\/de\/wp-json\/wp\/v2\/pages\/13557\/revisions"}],"wp:attachment":[{"href":"https:\/\/www.drcemkinay.com\/de\/wp-json\/wp\/v2\/media?parent=13557"}],"curies":[{"name":"wp","href":"https:\/\/api.w.org\/{rel}","templated":true}]}}