{"id":13554,"date":"2019-05-02T09:55:56","date_gmt":"2019-05-02T09:55:56","guid":{"rendered":"https:\/\/www.drcemkinay.com\/iletisim\/"},"modified":"2025-08-30T17:02:31","modified_gmt":"2025-08-30T14:02:31","slug":"iletisim","status":"publish","type":"page","link":"https:\/\/www.drcemkinay.com\/de\/iletisim\/","title":{"rendered":"\u0130leti\u015fim"},"content":{"rendered":"<div id=\"cs-content\" class=\"cs-content\"><\/div>\n","protected":false},"excerpt":{"rendered":"<p>CONTACTOSie k\u00f6nnen mich \u00fcber das nebenstehende Formular kontaktieren.A\u015fa\u011f\u0131daki formu\u00a0kullanarak\u00a0benim ile ileti\u015fime ge\u00e7ebilirsiniz. Name E-mail Nachricht<\/p>\n","protected":false},"author":1,"featured_media":0,"parent":0,"menu_order":0,"comment_status":"closed","ping_status":"closed","template":"","meta":{"rs_blank_template":"","rs_page_bg_color":"","slide_template_v7":"","footnotes":""},"class_list":["post-13554","page","type-page","status-publish","hentry","no-post-thumbnail"],"_links":{"self":[{"href":"https:\/\/www.drcemkinay.com\/de\/wp-json\/wp\/v2\/pages\/13554","targetHints":{"allow":["GET"]}}],"collection":[{"href":"https:\/\/www.drcemkinay.com\/de\/wp-json\/wp\/v2\/pages"}],"about":[{"href":"https:\/\/www.drcemkinay.com\/de\/wp-json\/wp\/v2\/types\/page"}],"author":[{"embeddable":true,"href":"https:\/\/www.drcemkinay.com\/de\/wp-json\/wp\/v2\/users\/1"}],"replies":[{"embeddable":true,"href":"https:\/\/www.drcemkinay.com\/de\/wp-json\/wp\/v2\/comments?post=13554"}],"version-history":[{"count":0,"href":"https:\/\/www.drcemkinay.com\/de\/wp-json\/wp\/v2\/pages\/13554\/revisions"}],"wp:attachment":[{"href":"https:\/\/www.drcemkinay.com\/de\/wp-json\/wp\/v2\/media?parent=13554"}],"curies":[{"name":"wp","href":"https:\/\/api.w.org\/{rel}","templated":true}]}}