{"id":13546,"date":"2019-05-02T09:03:09","date_gmt":"2019-05-02T09:03:09","guid":{"rendered":"https:\/\/www.drcemkinay.com\/haberler\/"},"modified":"2025-09-11T09:20:13","modified_gmt":"2025-09-11T06:20:13","slug":"haberler","status":"publish","type":"page","link":"https:\/\/www.drcemkinay.com\/de\/haberler\/","title":{"rendered":"Haberler"},"content":{"rendered":"<div id=\"cs-content\" class=\"cs-content\"><\/div>\n","protected":false},"excerpt":{"rendered":"<p>HABERLER 25. Dezember 2025 2026 Seyahat Trendleri Lesen Sie weiter 26. September 2025 Obruk\u2019ta Ta\u015flara Ruh Veren Vizyon: Cem K\u0131nay ile S\u00f6yle\u015fi https:\/\/www.martidergisi.com\/obrukta-taslara-ruh-veren-vizyon-cem-kinay-ile-soylesi\/ Lesen Sie weiter 23. August 2025 Tarihi Mekanda Kutlama Posta-23.08.2025 Screenshot Lesen Sie weiter 27. Juli 2025 Eski Dostlar Viyana&#8217;da Bulu\u015ftu Posta-27.07.2025 Screenshot Lesen Sie weiter 27. Juni 2025 Turizmde d\u00fcnya 4\u2019\u00fcnc\u00fcs\u00fc olduk\u2026 Peki \u2018Nitelikli Turizm\u2019 ne&hellip;<\/p>\n","protected":false},"author":1,"featured_media":0,"parent":0,"menu_order":0,"comment_status":"closed","ping_status":"closed","template":"template-blank-5.php","meta":{"rs_blank_template":"","rs_page_bg_color":"","slide_template_v7":"","footnotes":""},"class_list":["post-13546","page","type-page","status-publish","hentry","no-post-thumbnail"],"_links":{"self":[{"href":"https:\/\/www.drcemkinay.com\/de\/wp-json\/wp\/v2\/pages\/13546","targetHints":{"allow":["GET"]}}],"collection":[{"href":"https:\/\/www.drcemkinay.com\/de\/wp-json\/wp\/v2\/pages"}],"about":[{"href":"https:\/\/www.drcemkinay.com\/de\/wp-json\/wp\/v2\/types\/page"}],"author":[{"embeddable":true,"href":"https:\/\/www.drcemkinay.com\/de\/wp-json\/wp\/v2\/users\/1"}],"replies":[{"embeddable":true,"href":"https:\/\/www.drcemkinay.com\/de\/wp-json\/wp\/v2\/comments?post=13546"}],"version-history":[{"count":0,"href":"https:\/\/www.drcemkinay.com\/de\/wp-json\/wp\/v2\/pages\/13546\/revisions"}],"wp:attachment":[{"href":"https:\/\/www.drcemkinay.com\/de\/wp-json\/wp\/v2\/media?parent=13546"}],"curies":[{"name":"wp","href":"https:\/\/api.w.org\/{rel}","templated":true}]}}