{"id":13542,"date":"2022-01-21T00:13:08","date_gmt":"2022-01-20T21:13:08","guid":{"rendered":"https:\/\/www.drcemkinay.com\/dijital-deneyimler\/"},"modified":"2025-08-30T16:21:43","modified_gmt":"2025-08-30T13:21:43","slug":"dijital-deneyimler","status":"publish","type":"page","link":"https:\/\/www.drcemkinay.com\/de\/dijital-deneyimler\/","title":{"rendered":"Dijital Deneyimler"},"content":{"rendered":"<div id=\"cs-content\" class=\"cs-content\"><\/div>\n","protected":false},"excerpt":{"rendered":"<p>Digitale Erlebnisse &#8222;Wir verbinden Hotellerie mit der digitalen Zukunft.&#8220; Dr.Cem Kinay Digitale Transformation ist die wichtigste Bewegung unserer Zeit \u2013 und die Grundlage f\u00fcr die Gestaltung der Zukunft. Als L\u00f6sungsanbieter entwickeln wir gemeinsam mit unseren Partnern diese Zukunft. Wir gestalten Plattformen, Applikationen und die Welt des Metaverse. 1 Destinationsmarketing-Plattform L\u00f6sungspartner: BUKAFA2 G\u00e4steerlebnis-Plattform3 Metaverse L\u00f6sungspartner: Cerebrum Technologies<\/p>\n","protected":false},"author":1,"featured_media":0,"parent":0,"menu_order":0,"comment_status":"closed","ping_status":"closed","template":"template-blank-4.php","meta":{"rs_blank_template":"","rs_page_bg_color":"","slide_template_v7":"","footnotes":""},"class_list":["post-13542","page","type-page","status-publish","hentry","no-post-thumbnail"],"_links":{"self":[{"href":"https:\/\/www.drcemkinay.com\/de\/wp-json\/wp\/v2\/pages\/13542","targetHints":{"allow":["GET"]}}],"collection":[{"href":"https:\/\/www.drcemkinay.com\/de\/wp-json\/wp\/v2\/pages"}],"about":[{"href":"https:\/\/www.drcemkinay.com\/de\/wp-json\/wp\/v2\/types\/page"}],"author":[{"embeddable":true,"href":"https:\/\/www.drcemkinay.com\/de\/wp-json\/wp\/v2\/users\/1"}],"replies":[{"embeddable":true,"href":"https:\/\/www.drcemkinay.com\/de\/wp-json\/wp\/v2\/comments?post=13542"}],"version-history":[{"count":0,"href":"https:\/\/www.drcemkinay.com\/de\/wp-json\/wp\/v2\/pages\/13542\/revisions"}],"wp:attachment":[{"href":"https:\/\/www.drcemkinay.com\/de\/wp-json\/wp\/v2\/media?parent=13542"}],"curies":[{"name":"wp","href":"https:\/\/api.w.org\/{rel}","templated":true}]}}