{"id":13538,"date":"2025-03-10T18:23:38","date_gmt":"2025-03-10T15:23:38","guid":{"rendered":"https:\/\/www.drcemkinay.com\/ck-legacy-hotels\/"},"modified":"2026-01-09T11:47:42","modified_gmt":"2026-01-09T08:47:42","slug":"ck-legacy-hotels","status":"publish","type":"page","link":"https:\/\/www.drcemkinay.com\/de\/ck-legacy-hotels\/","title":{"rendered":"CK Legacy Hotels"},"content":{"rendered":"<div id=\"cs-content\" class=\"cs-content\"><\/div>\n","protected":false},"excerpt":{"rendered":"<p>1. Vizyon (Vision Statement) CK LEGACY Hotels, tarihi ve k\u00fclt\u00fcrel miras\u0131 koruyarak bu yap\u0131lar\u0131 l\u00fcks konaklama konseptine entegre eden, gastronomi ve sa\u011fl\u0131k odakl\u0131 s\u00fcrd\u00fcr\u00fclebilir bir otel zinciri olu\u015fturmay\u0131 hedeflemektedir. Bu vizyon, tarihi mekanlar\u0131 modern l\u00fcks ile harmanlayarak misafirlerine unutulmaz deneyimler sunmay\u0131 ama\u00e7lar. Uzun vadede, Avrupa\u2019n\u0131n ve d\u00fcnyan\u0131n \u00f6nde gelen longevity otel zincirlerinden biri olmay\u0131 hedeflemektedir. 2. Misyon (Mission Statement) CK&hellip;<\/p>\n","protected":false},"author":1,"featured_media":0,"parent":0,"menu_order":0,"comment_status":"closed","ping_status":"closed","template":"","meta":{"rs_blank_template":"","rs_page_bg_color":"","slide_template_v7":"","footnotes":""},"class_list":["post-13538","page","type-page","status-publish","hentry","no-post-thumbnail"],"_links":{"self":[{"href":"https:\/\/www.drcemkinay.com\/de\/wp-json\/wp\/v2\/pages\/13538","targetHints":{"allow":["GET"]}}],"collection":[{"href":"https:\/\/www.drcemkinay.com\/de\/wp-json\/wp\/v2\/pages"}],"about":[{"href":"https:\/\/www.drcemkinay.com\/de\/wp-json\/wp\/v2\/types\/page"}],"author":[{"embeddable":true,"href":"https:\/\/www.drcemkinay.com\/de\/wp-json\/wp\/v2\/users\/1"}],"replies":[{"embeddable":true,"href":"https:\/\/www.drcemkinay.com\/de\/wp-json\/wp\/v2\/comments?post=13538"}],"version-history":[{"count":0,"href":"https:\/\/www.drcemkinay.com\/de\/wp-json\/wp\/v2\/pages\/13538\/revisions"}],"wp:attachment":[{"href":"https:\/\/www.drcemkinay.com\/de\/wp-json\/wp\/v2\/media?parent=13538"}],"curies":[{"name":"wp","href":"https:\/\/api.w.org\/{rel}","templated":true}]}}