{"id":13529,"date":"2019-04-29T07:08:08","date_gmt":"2019-04-29T07:08:08","guid":{"rendered":"https:\/\/www.drcemkinay.com\/cem-kinay-experience-design\/"},"modified":"2025-09-25T10:21:00","modified_gmt":"2025-09-25T07:21:00","slug":"cem-kinay-experience-design","status":"publish","type":"page","link":"https:\/\/www.drcemkinay.com\/de\/cem-kinay-experience-design\/","title":{"rendered":"Cem Kinay Experience Design"},"content":{"rendered":"<div id=\"cs-content\" class=\"cs-content\"><\/div>\n","protected":false},"excerpt":{"rendered":"<p>Cem KINAY Otel Konsept ve \u0130\u015fletmeleriOTEL \u0130\u015eLETME VE PAZARLAMA TASARIMLARI20242019 &#8211; \u221e2018 &#8211; \u221e2017 &#8211; \u221e2015 &#8211; 20162005 &#8211; \u221e1990 &#8211; 2005\u201cTasar\u0131m i\u015flevselliktir.\u201d Steve\u00a0Jobs Yeni nesil misafirperverlik, tasar\u0131mla y\u00fckseli\u015fe ge\u00e7iyor; yerle\u015fik \u00e7evrenin tasar\u0131m\u0131, do\u011fal \u00e7evrenin tasar\u0131m\u0131, teknoloji\u00a0destekli\u00a0hizmetlerin tasar\u0131m\u0131, an\u0131lar\u0131n tasar\u0131m\u0131&#8230;\u00a0Hepsi,\u00a0misafirlere\u00a0benzersiz deneyimler tasarlamak i\u00e7in&#8230; Tasar\u0131m nedir? &#8222;Tasar\u0131m, belirli bir\u00a0sorunla\u00a0ilgili insan deneyimini geli\u015ftirmek amac\u0131yla bir \u00fcr\u00fcn veya hizmet yaratma eylemidir.\u00a0Mevcut bir gaye&hellip;<\/p>\n","protected":false},"author":1,"featured_media":0,"parent":0,"menu_order":0,"comment_status":"closed","ping_status":"closed","template":"template-blank-5.php","meta":{"rs_blank_template":"","rs_page_bg_color":"","slide_template_v7":"","footnotes":""},"class_list":["post-13529","page","type-page","status-publish","hentry","no-post-thumbnail"],"_links":{"self":[{"href":"https:\/\/www.drcemkinay.com\/de\/wp-json\/wp\/v2\/pages\/13529","targetHints":{"allow":["GET"]}}],"collection":[{"href":"https:\/\/www.drcemkinay.com\/de\/wp-json\/wp\/v2\/pages"}],"about":[{"href":"https:\/\/www.drcemkinay.com\/de\/wp-json\/wp\/v2\/types\/page"}],"author":[{"embeddable":true,"href":"https:\/\/www.drcemkinay.com\/de\/wp-json\/wp\/v2\/users\/1"}],"replies":[{"embeddable":true,"href":"https:\/\/www.drcemkinay.com\/de\/wp-json\/wp\/v2\/comments?post=13529"}],"version-history":[{"count":0,"href":"https:\/\/www.drcemkinay.com\/de\/wp-json\/wp\/v2\/pages\/13529\/revisions"}],"wp:attachment":[{"href":"https:\/\/www.drcemkinay.com\/de\/wp-json\/wp\/v2\/media?parent=13529"}],"curies":[{"name":"wp","href":"https:\/\/api.w.org\/{rel}","templated":true}]}}