{"id":13526,"date":"2019-04-29T06:37:59","date_gmt":"2019-04-29T06:37:59","guid":{"rendered":"https:\/\/www.drcemkinay.com\/bio\/"},"modified":"2025-08-30T16:04:56","modified_gmt":"2025-08-30T13:04:56","slug":"bio","status":"publish","type":"page","link":"https:\/\/www.drcemkinay.com\/de\/bio\/","title":{"rendered":"Bio"},"content":{"rendered":"<div id=\"cs-content\" class=\"cs-content\"><\/div>\n","protected":false},"excerpt":{"rendered":"<p>BiografieMit zahlreichen bedeutenden Hotelinvestitionen und internationalen Auszeichnungen geh\u00f6rt Dr. Cem Kinay zu den weltweit bekanntesten Pers\u00f6nlichkeiten der Tourismusbranche. 1987 gr\u00fcndete er in Wien (\u00d6sterreich) Gulet Touristik und 1990 die Magic Life Hotels-Kette. Damit brachte er europ\u00e4ischen Touristen erstmals das von ihm entwickelte \u201eAll-Inclusive-Erlebnis\u201c n\u00e4her. Die Magic Life Hotels betrieben 23 Hotels mit \u00fcber 20.000 Betten in \u00d6sterreich, T\u00fcrkei, Griechenland, Spanien,&hellip;<\/p>\n","protected":false},"author":1,"featured_media":0,"parent":0,"menu_order":0,"comment_status":"closed","ping_status":"closed","template":"template-blank-5.php","meta":{"rs_blank_template":"","rs_page_bg_color":"","slide_template_v7":"","footnotes":""},"class_list":["post-13526","page","type-page","status-publish","hentry","no-post-thumbnail"],"_links":{"self":[{"href":"https:\/\/www.drcemkinay.com\/de\/wp-json\/wp\/v2\/pages\/13526","targetHints":{"allow":["GET"]}}],"collection":[{"href":"https:\/\/www.drcemkinay.com\/de\/wp-json\/wp\/v2\/pages"}],"about":[{"href":"https:\/\/www.drcemkinay.com\/de\/wp-json\/wp\/v2\/types\/page"}],"author":[{"embeddable":true,"href":"https:\/\/www.drcemkinay.com\/de\/wp-json\/wp\/v2\/users\/1"}],"replies":[{"embeddable":true,"href":"https:\/\/www.drcemkinay.com\/de\/wp-json\/wp\/v2\/comments?post=13526"}],"version-history":[{"count":0,"href":"https:\/\/www.drcemkinay.com\/de\/wp-json\/wp\/v2\/pages\/13526\/revisions"}],"wp:attachment":[{"href":"https:\/\/www.drcemkinay.com\/de\/wp-json\/wp\/v2\/media?parent=13526"}],"curies":[{"name":"wp","href":"https:\/\/api.w.org\/{rel}","templated":true}]}}