{"id":13523,"date":"2022-01-21T01:22:20","date_gmt":"2022-01-20T22:22:20","guid":{"rendered":"https:\/\/www.drcemkinay.com\/anatolity-collection\/"},"modified":"2025-08-30T15:58:46","modified_gmt":"2025-08-30T12:58:46","slug":"anatolity-collection","status":"publish","type":"page","link":"https:\/\/www.drcemkinay.com\/de\/anatolity-collection\/","title":{"rendered":"Anatolity Collection"},"content":{"rendered":"<div id=\"cs-content\" class=\"cs-content\"><\/div>\n","protected":false},"excerpt":{"rendered":"<p>Anatolity Stiftung \u2013 ANATOLITY COLLECTIONSlow and Deep for Soul \u2013 Ruhig und Tief f\u00fcr die Seele Die Kunst des Lebens \u2013 Hotels mit Sinn Die erste Hotelkollektion f\u00fcr soziale Verantwortung in der T\u00fcrkei Anatolity.com Erlebnisse, die auf Erfahrungen beruhen\u2026 Mitten im l\u00e4ndlichen Leben. Eine neue Perspektive auf die Stadt. Sensibel f\u00fcr Umwelt, Mensch, Tier und Natur. Unterst\u00fctzung f\u00fcr Bildung, Entwicklung&hellip;<\/p>\n","protected":false},"author":1,"featured_media":0,"parent":0,"menu_order":0,"comment_status":"closed","ping_status":"closed","template":"template-blank-4.php","meta":{"rs_blank_template":"","rs_page_bg_color":"","slide_template_v7":"","footnotes":""},"class_list":["post-13523","page","type-page","status-publish","hentry","no-post-thumbnail"],"_links":{"self":[{"href":"https:\/\/www.drcemkinay.com\/de\/wp-json\/wp\/v2\/pages\/13523","targetHints":{"allow":["GET"]}}],"collection":[{"href":"https:\/\/www.drcemkinay.com\/de\/wp-json\/wp\/v2\/pages"}],"about":[{"href":"https:\/\/www.drcemkinay.com\/de\/wp-json\/wp\/v2\/types\/page"}],"author":[{"embeddable":true,"href":"https:\/\/www.drcemkinay.com\/de\/wp-json\/wp\/v2\/users\/1"}],"replies":[{"embeddable":true,"href":"https:\/\/www.drcemkinay.com\/de\/wp-json\/wp\/v2\/comments?post=13523"}],"version-history":[{"count":0,"href":"https:\/\/www.drcemkinay.com\/de\/wp-json\/wp\/v2\/pages\/13523\/revisions"}],"wp:attachment":[{"href":"https:\/\/www.drcemkinay.com\/de\/wp-json\/wp\/v2\/media?parent=13523"}],"curies":[{"name":"wp","href":"https:\/\/api.w.org\/{rel}","templated":true}]}}