{"id":13496,"date":"2019-04-27T10:44:35","date_gmt":"2019-04-27T07:44:35","guid":{"rendered":"https:\/\/www.drcemkinay.com\/akilli-ol-insan-ol\/"},"modified":"2025-08-30T15:46:14","modified_gmt":"2025-08-30T12:46:14","slug":"akilli-ol-insan-ol","status":"publish","type":"page","link":"https:\/\/www.drcemkinay.com\/de\/akilli-ol-insan-ol\/","title":{"rendered":"Ak\u0131ll\u0131 ol insan ol"},"content":{"rendered":"<div id=\"cs-content\" class=\"cs-content\"><\/div>\n","protected":false},"excerpt":{"rendered":"<p>AKILLI OL \u0130NSAN OLDr. Cem K\u0131nay DESTEK YAYINLARI \u201eAlles, was es wert ist, besessen zu werden, ist es auch wert, daf\u00fcr zu arbeiten!\u201c Siege haben ihren Preis. Sie kommen nicht auf einfachem oder billigem Wege\u2026 Das Gef\u00fchl des Triumphs entsteht aus den M\u00fchen und H\u00e4rten des beschrittenen Weges. Der Weg zur Meisterschaft f\u00fchrt \u00fcber harte Arbeit, Leidenschaft, Beharrlichkeit und Hingabe.&hellip;<\/p>\n","protected":false},"author":1,"featured_media":0,"parent":0,"menu_order":0,"comment_status":"closed","ping_status":"closed","template":"template-blank-5.php","meta":{"rs_blank_template":"","rs_page_bg_color":"","slide_template_v7":"","footnotes":""},"class_list":["post-13496","page","type-page","status-publish","hentry","no-post-thumbnail"],"_links":{"self":[{"href":"https:\/\/www.drcemkinay.com\/de\/wp-json\/wp\/v2\/pages\/13496","targetHints":{"allow":["GET"]}}],"collection":[{"href":"https:\/\/www.drcemkinay.com\/de\/wp-json\/wp\/v2\/pages"}],"about":[{"href":"https:\/\/www.drcemkinay.com\/de\/wp-json\/wp\/v2\/types\/page"}],"author":[{"embeddable":true,"href":"https:\/\/www.drcemkinay.com\/de\/wp-json\/wp\/v2\/users\/1"}],"replies":[{"embeddable":true,"href":"https:\/\/www.drcemkinay.com\/de\/wp-json\/wp\/v2\/comments?post=13496"}],"version-history":[{"count":0,"href":"https:\/\/www.drcemkinay.com\/de\/wp-json\/wp\/v2\/pages\/13496\/revisions"}],"wp:attachment":[{"href":"https:\/\/www.drcemkinay.com\/de\/wp-json\/wp\/v2\/media?parent=13496"}],"curies":[{"name":"wp","href":"https:\/\/api.w.org\/{rel}","templated":true}]}}